{"id":9853,"date":"2022-11-04T15:49:44","date_gmt":"2022-11-04T14:49:44","guid":{"rendered":"https:\/\/dias-design.com\/legal-information\/"},"modified":"2024-02-22T15:48:20","modified_gmt":"2024-02-22T14:48:20","slug":"legal-information","status":"publish","type":"page","link":"https:\/\/dias-design.com\/en\/legal-information\/","title":{"rendered":"Legal information"},"content":{"rendered":"\t\t<div data-elementor-type=\"wp-page\" data-elementor-id=\"9853\" class=\"elementor elementor-9853 elementor-1811\" data-elementor-post-type=\"page\">\n\t\t\t\t\t\t<section class=\"elementor-section elementor-top-section elementor-element elementor-element-01a7cac elementor-section-full_width elementor-section-height-min-height elementor-section-height-default elementor-section-items-middle\" data-id=\"01a7cac\" data-element_type=\"section\" data-e-type=\"section\" data-settings=\"{&quot;background_background&quot;:&quot;classic&quot;,&quot;jet_parallax_layout_list&quot;:[]}\">\n\t\t\t\t\t\t<div class=\"elementor-container elementor-column-gap-default\">\n\t\t\t\t\t<div class=\"elementor-column elementor-col-100 elementor-top-column elementor-element elementor-element-f55baf1\" data-id=\"f55baf1\" data-element_type=\"column\" data-e-type=\"column\">\n\t\t\t<div class=\"elementor-widget-wrap elementor-element-populated\">\n\t\t\t\t\t\t<section class=\"elementor-section elementor-inner-section elementor-element elementor-element-2cf3725 elementor-hidden-tablet elementor-hidden-mobile elementor-section-boxed elementor-section-height-default elementor-section-height-default\" data-id=\"2cf3725\" data-element_type=\"section\" data-e-type=\"section\" data-settings=\"{&quot;jet_parallax_layout_list&quot;:[]}\">\n\t\t\t\t\t\t<div class=\"elementor-container elementor-column-gap-default\">\n\t\t\t\t\t<div class=\"elementor-column elementor-col-50 elementor-inner-column elementor-element elementor-element-47fddd3 blur home_bienvenue elementor-invisible\" data-id=\"47fddd3\" data-element_type=\"column\" data-e-type=\"column\" data-settings=\"{&quot;background_background&quot;:&quot;classic&quot;,&quot;animation&quot;:&quot;fadeInLeft&quot;}\">\n\t\t\t<div class=\"elementor-widget-wrap elementor-element-populated\">\n\t\t\t\t\t\t<div class=\"elementor-element elementor-element-e54c611 elementor-widget elementor-widget-heading\" data-id=\"e54c611\" data-element_type=\"widget\" data-e-type=\"widget\" data-widget_type=\"heading.default\">\n\t\t\t\t<div class=\"elementor-widget-container\">\n\t\t\t\t\t<h1 class=\"elementor-heading-title elementor-size-default\">Legal information<\/h1>\t\t\t\t<\/div>\n\t\t\t\t<\/div>\n\t\t\t\t\t<\/div>\n\t\t<\/div>\n\t\t\t\t<div class=\"elementor-column elementor-col-50 elementor-inner-column elementor-element elementor-element-6d8f1e1\" data-id=\"6d8f1e1\" data-element_type=\"column\" data-e-type=\"column\">\n\t\t\t<div class=\"elementor-widget-wrap\">\n\t\t\t\t\t\t\t<\/div>\n\t\t<\/div>\n\t\t\t\t\t<\/div>\n\t\t<\/section>\n\t\t\t\t<section class=\"elementor-section elementor-inner-section elementor-element elementor-element-0dce8fc elementor-hidden-desktop elementor-section-boxed elementor-section-height-default elementor-section-height-default elementor-invisible\" data-id=\"0dce8fc\" data-element_type=\"section\" data-e-type=\"section\" data-settings=\"{&quot;animation&quot;:&quot;fadeInUp&quot;,&quot;animation_mobile&quot;:&quot;fadeIn&quot;,&quot;animation_tablet&quot;:&quot;fadeIn&quot;,&quot;jet_parallax_layout_list&quot;:[]}\">\n\t\t\t\t\t\t<div class=\"elementor-container elementor-column-gap-default\">\n\t\t\t\t\t<div class=\"elementor-column elementor-col-100 elementor-inner-column elementor-element elementor-element-77a5262 blur\" data-id=\"77a5262\" data-element_type=\"column\" data-e-type=\"column\" data-settings=\"{&quot;background_background&quot;:&quot;classic&quot;}\">\n\t\t\t<div class=\"elementor-widget-wrap elementor-element-populated\">\n\t\t\t\t\t\t<div class=\"elementor-element elementor-element-dcf1074 elementor-widget elementor-widget-heading\" data-id=\"dcf1074\" data-element_type=\"widget\" data-e-type=\"widget\" data-widget_type=\"heading.default\">\n\t\t\t\t<div class=\"elementor-widget-container\">\n\t\t\t\t\t<h2 class=\"elementor-heading-title elementor-size-xxl\">Legal information<\/h2>\t\t\t\t<\/div>\n\t\t\t\t<\/div>\n\t\t\t\t\t<\/div>\n\t\t<\/div>\n\t\t\t\t\t<\/div>\n\t\t<\/section>\n\t\t\t\t\t<\/div>\n\t\t<\/div>\n\t\t\t\t\t<\/div>\n\t\t<\/section>\n\t\t\t\t<section class=\"elementor-section elementor-top-section elementor-element elementor-element-85b6b98 elementor-hidden-desktop elementor-section-boxed elementor-section-height-default elementor-section-height-default\" data-id=\"85b6b98\" data-element_type=\"section\" data-e-type=\"section\" data-settings=\"{&quot;background_background&quot;:&quot;classic&quot;,&quot;animation_tablet&quot;:&quot;fadeIn&quot;,&quot;jet_parallax_layout_list&quot;:[]}\">\n\t\t\t\t\t\t<div class=\"elementor-container elementor-column-gap-default\">\n\t\t\t\t\t<div class=\"elementor-column elementor-col-100 elementor-top-column elementor-element elementor-element-477beb5\" data-id=\"477beb5\" data-element_type=\"column\" data-e-type=\"column\">\n\t\t\t<div class=\"elementor-widget-wrap elementor-element-populated\">\n\t\t\t\t\t\t<div class=\"elementor-element elementor-element-4767415 elementor-view-default elementor-widget elementor-widget-icon\" data-id=\"4767415\" data-element_type=\"widget\" data-e-type=\"widget\" data-widget_type=\"icon.default\">\n\t\t\t\t<div class=\"elementor-widget-container\">\n\t\t\t\t\t\t\t<div class=\"elementor-icon-wrapper\">\n\t\t\t<a class=\"elementor-icon\" href=\"#Legal_information\">\n\t\t\t<svg xmlns=\"http:\/\/www.w3.org\/2000\/svg\" width=\"14\" height=\"16\" viewBox=\"0 0 14 16\" fill=\"none\"><path d=\"M7 0C7.55228 0 8 0.447715 8 1V12.5858L12.2929 8.29289C12.6834 7.90237 13.3166 7.90237 13.7071 8.29289C14.0976 8.68342 14.0976 9.31658 13.7071 9.70711L7.70711 15.7071C7.31658 16.0976 6.68342 16.0976 6.29289 15.7071L0.292893 9.70711C-0.0976311 9.31658 -0.0976311 8.68342 0.292893 8.29289C0.683417 7.90237 1.31658 7.90237 1.70711 8.29289L6 12.5858V1C6 0.447715 6.44772 0 7 0Z\" fill=\"#D6B083\"><\/path><\/svg>\t\t\t<\/a>\n\t\t<\/div>\n\t\t\t\t\t\t<\/div>\n\t\t\t\t<\/div>\n\t\t\t\t\t<\/div>\n\t\t<\/div>\n\t\t\t\t\t<\/div>\n\t\t<\/section>\n\t\t\t\t<section class=\"elementor-section elementor-top-section elementor-element elementor-element-53b9b57 elementor-section-boxed elementor-section-height-default elementor-section-height-default\" data-id=\"53b9b57\" data-element_type=\"section\" data-e-type=\"section\" id=\"mentions_legales\" data-settings=\"{&quot;jet_parallax_layout_list&quot;:[],&quot;background_background&quot;:&quot;classic&quot;}\">\n\t\t\t\t\t\t<div class=\"elementor-container elementor-column-gap-default\">\n\t\t\t\t\t<div class=\"elementor-column elementor-col-100 elementor-top-column elementor-element elementor-element-a1ad25b\" data-id=\"a1ad25b\" data-element_type=\"column\" data-e-type=\"column\">\n\t\t\t<div class=\"elementor-widget-wrap elementor-element-populated\">\n\t\t\t\t\t\t<div class=\"elementor-element elementor-element-fb6e8ef elementor-widget elementor-widget-text-editor\" data-id=\"fb6e8ef\" data-element_type=\"widget\" data-e-type=\"widget\" data-widget_type=\"text-editor.default\">\n\t\t\t\t<div class=\"elementor-widget-container\">\n\t\t\t\t\t\t\t\t\t<p>DIAS DESIGN is concerned about the rights of individuals, particularly with regard to automated processing, and in the interests of transparency with its customers, has put in place a policy covering all such processing, the purposes for which it is carried out and the means of action available to individuals to enable them to exercise their rights as fully as possible.<br \/>For further information on the protection of personal data, please consult the following website: https:\/\/www.cnil.fr\/<\/p>\n<p>Continued browsing of this site implies unreserved acceptance of the following provisions and conditions of use.<br \/>La version actuellement en ligne de ces conditions d\u2019utilisation est la seule opposable pendant toute la dur\u00e9e d\u2019utilisation du site et jusqu\u2019\u00e0 ce qu\u2019une nouvelle version la remplace.<\/p>\n<p><strong>Article 1 &#8211; Legal information<\/strong><\/p>\n<p>1.1 Site (hereinafter &#8220;the Site&#8221;) :<\/p>\n<p>DIAS DESIGN<\/p>\n<p>1.2 Publisher (hereinafter &#8220;the Publisher&#8221;) :<\/p>\n<p>DIAS DESIGN SAS with capital of \u20ac 2000.00<br \/>with registered office at: 37 bd Arago 75013 PARIS<br \/>represented by Vincent Dias, in his capacity as Chairman, and Guillaume Dias, Managing Director<br \/>Registered with the RCS of Paris B 915 099 030<br \/>telephone number: +33 1 87 66 51 55<br \/>e-mail address: contact@dias-design.com<\/p>\n<p>1.3 Host (hereinafter referred to as the &#8220;Host&#8221;) :<\/p>\n<p>DIAS DESIGN is hosted by OVH, whose registered office is located at 2 rue Kellermann BP 80157 59053 ROUBAIX CEDEX 1.<\/p>\n<p><strong>Article 2 &#8211; Access to the site<\/strong><\/p>\n<p>Access to and use of the site are strictly for personal use. You undertake not to use this site or the information or data contained therein for commercial, political or advertising purposes or for any form of commercial solicitation, in particular the sending of unsolicited e-mails.<\/p>\n<p><strong>Article 3 &#8211; Site content<\/strong><\/p>\n<p>All trademarks, photographs, texts, comments, illustrations, images (animated or not), video sequences, sounds, as well as all computer applications that may be used to operate this site and, more generally, all elements reproduced or used on the site are protected by current intellectual property laws.<br \/>They are the full and complete property of the publisher or its partners. Any reproduction, representation, use or adaptation, in any form whatsoever, of all or part of these elements, including computer applications, without the prior written consent of the publisher, is strictly prohibited. The fact that the publisher does not initiate proceedings as soon as it becomes aware of such unauthorised use does not imply acceptance of the said use and waiver of legal action.<\/p>\n<p><strong>Article 4 &#8211; Site management<\/strong><\/p>\n<p>For the proper management of the site, the publisher may at any time :<br \/>&#8211; suspend, interrupt or limit access to all or part of the site, or restrict access to the site, or to certain parts of the site, to a specific category of Internet users;<br \/>&#8211; delete any information that could disrupt its operation or contravene national or international laws;<br \/>&#8211; suspend the site in order to carry out updates.<\/p>\n<p><strong>Article 5 &#8211; Responsibilities<\/strong><\/p>\n<p>The publisher may not be held liable in the event of any failure, breakdown, difficulty or interruption in operation preventing access to the site or any of its functions.<br \/>You are entirely responsible for the equipment you use to connect to the site. You must take all appropriate measures to protect your equipment and your own data, in particular from virus attacks via the Internet. You are also solely responsible for the sites and data you consult.<\/p>\n<p>The publisher cannot be held responsible for any legal action taken against you:<br \/>&#8211; as a result of using the site or any service accessible via the Internet;<br \/>&#8211; as a result of your failure to comply with these terms and conditions.<\/p>\n<p>The publisher is not liable for any damage caused to you, to third parties and\/or to your equipment as a result of your connection to or use of the site, and you waive any claim against it in this respect.<br \/>If the publisher is the subject of amicable or legal proceedings as a result of your use of the site, it may take action against you to obtain compensation for all losses, sums, penalties and costs that may arise from these proceedings.<\/p>\n<p><strong>Article 6 &#8211; Hypertext links<\/strong><\/p>\n<p>The publisher authorises users to set up hypertext links to all or part of the site. Any link must be removed at the publisher&#8217;s request.<br \/>Any information accessible via a link to other sites is not published by the publisher. The publisher has no rights whatsoever over the content of such links.<\/p>\n<p><strong>Article 7 &#8211; Data collection and protection<\/strong><\/p>\n<p>Your data is collected by DIAS DESIGN.<br \/>Personal data means any information relating to an identified or identifiable natural person (data subject); an identifiable person is one who can be identified, directly or indirectly, in particular by reference to a name, an identification number or one or more factors specific to his physical, physiological, genetic, mental, economic, cultural or social identity.<br \/>The personal information that may be collected on the site is mainly used by the publisher to manage relations with you and, where applicable, to process your orders.<\/p>\n<p>The personal data collected is as follows:<br \/>&#8211; full name<br \/>&#8211; mail address<br \/>&#8211; telephone number<\/p>\n<p><strong>Article 8 &#8211; Right of access, rectification and removal of your data<\/strong><\/p>\n<p>Pursuant to the regulations applicable to personal data, users have the following rights:<br \/>&#8211; the right of access: they may exercise their right of access to the personal data concerning them by writing to the e-mail address given below. In this case, before exercising this right, the Platform may request proof of the user&#8217;s identity in order to verify its accuracy ;<br \/>&#8211; the right of rectification: if the personal data held by the Platform are inaccurate, they can request that the information be updated;<br \/>&#8211; the right to delete data: users may request the deletion of their personal data, in accordance with the applicable data protection laws;<br \/>\u00b7 le droit \u00e0 la limitation du traitement : les utilisateurs peuvent de demander \u00e0 la Plateforme de limiter le traitement des donn\u00e9es personnelles conform\u00e9ment aux hypoth\u00e8ses pr\u00e9vues par le RGPD ;<br \/>&#8211; the right to object to the processing of data: users may object to their data being processed in accordance with the assumptions set out in the RGPD ;<br \/>&#8211; the right to portability: they may request that the Platform return the personal data they have provided to them so that it can be transferred to a new Platform.<br \/>You can exercise this right by contacting us at the following address:<br \/>37 bd Arago 75013 PARIS .<\/p>\n<p>Or by email to :<br \/>contact@dias-design.com<\/p>\n<p>All requests must be accompanied by a photocopy of a valid, signed identity document and state the address at which the publisher may contact the applicant. A reply will be sent within one month of receipt of the request. This one-month period may be extended by two months if the complexity of the request and\/or the number of requests so requires.<\/p>\n<p>In addition, and since the law n\u00b02016-1321 of 7 October 2016, people who so wish, have the possibility of organising the fate of their data after their death. For more information on this subject, please consult the CNIL website: https:\/\/www.cnil.fr\/.<\/p>\n<p>Users can also lodge a complaint with the CNIL on the CNIL website: https:\/\/www.cnil.fr.<\/p>\n<p>We recommend that you contact us first before lodging a complaint with the CNIL, as we are entirely at your disposal to resolve your problem.<\/p>\n<p><strong>Article 9 &#8211; Use of data<\/strong><\/p>\n<p>The personal data collected from users is used to provide and improve the Platform&#8217;s services and to maintain a secure environment. The legal basis for processing is the performance of the contract between the user and the Platform. More specifically, the uses are as follows:<\/p>\n<p>&#8211; access to and use of the Platform by the user ;<br \/>&#8211; managing the operation and optimisation of the Platform;<br \/>&#8211; implementation of user support ;<br \/>&#8211; verification, identification and authentication of data transmitted by the user ;<br \/>&#8211; personalise services by displaying advertisements based on the user&#8217;s browsing history and preferences;<br \/>&#8211; prevention and detection of fraud, malicious software and management of security incidents;<br \/>&#8211; managing any disputes with users;<br \/>&#8211; sending commercial and advertising information based on the user&#8217;s preferences;<\/p>\n<p><strong>Article 10 &#8211; Data retention policy<\/strong><\/p>\n<p>The Platform retains your data for as long as is necessary to provide you with its services or assistance.<br \/>To the extent reasonably necessary or required to satisfy legal or regulatory obligations, settle disputes, prevent fraud and abuse or enforce our terms and conditions, we may also retain some of your information as necessary, even after you have closed your account or we no longer need it to provide our services to you.<\/p>\n<p><strong>Article 11- Sharing personal data with third parties<\/strong><\/p>\n<p>Personal data may be shared with third-party companies exclusively within the European Union, in the following cases:<br \/>&#8211; when the user publishes information accessible to the public in the free comment areas of the Platform ;<br \/>&#8211; when the user authorises a third party&#8217;s website to access his\/her data;<br \/>&#8211; when the user authorises a third party&#8217;s website to access his\/her data; These service providers have limited access to the user&#8217;s data for the purposes of providing these services, and are contractually obliged to use it in accordance with the provisions of the applicable regulations on the protection of personal data;<br \/>&#8211; if required by law, the Platform may transmit data in order to pursue claims against the Platform and to comply with administrative and legal proceedings.<\/p>\n<p><strong>Article 12 &#8211; Commercial offers<\/strong><\/p>\n<p>You may receive commercial offers from the publisher. If you do not wish to do so, please click on the following link: contact@dias-design.com<br \/>Your data may be used by the publisher&#8217;s partners for commercial prospecting purposes. If you do not wish this, please click on the following link: contact@dias-design.com<br \/>If, when consulting the site, you access personal data, you must refrain from any collection, any unauthorised use or any act that could constitute an invasion of privacy or an attack on the reputation of individuals. The publisher accepts no responsibility in this respect.<br \/>Data is stored and used for a period of time in accordance with current legislation.<\/p>\n<p><strong>Article 13 &#8211; Cookies<\/strong><\/p>\n<p>What is a cookie?<br \/>A cookie is an electronic file stored on a terminal (computer, tablet, smartphone, etc.) and read, for example, when visiting a website, reading an email, installing or using software or a mobile application, regardless of the type of terminal used (source: https:\/\/www.cnil.fr\/fr\/cookies-traceurs-que-dit-la-loi).<br \/>The site may automatically collect standard information. Any information collected indirectly will only be used to monitor the volume, type and pattern of traffic using this site, to develop the design and layout of the site and for other administrative and planning purposes and generally to improve the service we offer you.<\/p>\n<p>Where appropriate, &#8220;cookies&#8221; issued by the site editor and\/or third-party companies may be placed on your terminal, with your consent. In this case, the first time you browse this site, a banner explaining the use of cookies will appear. Before continuing browsing, customers and\/or prospects must accept or refuse the use of cookies. The consent given will be valid for a period of thirteen (13) months. Users can deactivate cookies at any time.<\/p>\n<p>The following cookies are used on this site:<br \/>Google cookies :<br \/>&#8211; Google analytics: used to measure the site&#8217;s audience;<br \/>&#8211; Google tag manager: makes it easier to implement tags on pages and manage Google tags;<br \/>&#8211; Google Adsense: Google&#8217;s advertising network that uses YouTube websites or videos as a medium for its ads;<br \/>&#8211; Google Dynamic Remarketing: offers dynamic advertising based on previous searches;<br \/>&#8211; Google Adwords Conversion: adwords campaign tracking tool ;<br \/>&#8211; DoubleClick: advertising cookies from Google to display banners.<\/p>\n<p>These cookies have a lifespan of thirteen months.<\/p>\n<p><strong>Article 14 &#8211; Photographs and representation of products<\/strong><\/p>\n<p>The photographs of products, accompanying their description, are not contractual and do not bind the publisher.<\/p>\n<p><strong>Article 15 &#8211; Applicable law<\/strong><\/p>\n<p>These terms and conditions of use of the site are governed by French law and are subject to the jurisdiction of the courts of the publisher&#8217;s registered office, subject to any specific jurisdiction arising from a particular legal or regulatory text.<\/p>\n<p><strong>Article 16 &#8211; Contact us<\/strong><\/p>\n<p>If you have any questions or require information about the products presented on the site, or about the site itself, you can leave a message at the following address: contact@dias-design.com.<\/p>\n\t\t\t\t\t\t\t\t<\/div>\n\t\t\t\t<\/div>\n\t\t\t\t\t<\/div>\n\t\t<\/div>\n\t\t\t\t\t<\/div>\n\t\t<\/section>\n\t\t\t\t<\/div>\n\t\t","protected":false},"excerpt":{"rendered":"<p>Legal information Legal information DIAS DESIGN is concerned about the rights of individuals, particularly with regard to automated processing, and in the interests of transparency with its customers, has put in place a policy covering all such processing, the purposes for which it is carried out and the means of action available to individuals to [&hellip;]<\/p>\n","protected":false},"author":2,"featured_media":0,"parent":0,"menu_order":0,"comment_status":"closed","ping_status":"closed","template":"","meta":{"_acf_changed":false,"footnotes":""},"class_list":["post-9853","page","type-page","status-publish","hentry"],"acf":[],"_links":{"self":[{"href":"https:\/\/dias-design.com\/en\/wp-json\/wp\/v2\/pages\/9853","targetHints":{"allow":["GET"]}}],"collection":[{"href":"https:\/\/dias-design.com\/en\/wp-json\/wp\/v2\/pages"}],"about":[{"href":"https:\/\/dias-design.com\/en\/wp-json\/wp\/v2\/types\/page"}],"author":[{"embeddable":true,"href":"https:\/\/dias-design.com\/en\/wp-json\/wp\/v2\/users\/2"}],"replies":[{"embeddable":true,"href":"https:\/\/dias-design.com\/en\/wp-json\/wp\/v2\/comments?post=9853"}],"version-history":[{"count":1,"href":"https:\/\/dias-design.com\/en\/wp-json\/wp\/v2\/pages\/9853\/revisions"}],"predecessor-version":[{"id":9854,"href":"https:\/\/dias-design.com\/en\/wp-json\/wp\/v2\/pages\/9853\/revisions\/9854"}],"wp:attachment":[{"href":"https:\/\/dias-design.com\/en\/wp-json\/wp\/v2\/media?parent=9853"}],"curies":[{"name":"wp","href":"https:\/\/api.w.org\/{rel}","templated":true}]}}