{"id":7278,"date":"2022-12-08T13:08:24","date_gmt":"2022-12-08T12:08:24","guid":{"rendered":"https:\/\/dias-design.com\/?page_id=7278"},"modified":"2024-02-19T15:57:56","modified_gmt":"2024-02-19T14:57:56","slug":"the-tailor-made-table","status":"publish","type":"page","link":"https:\/\/dias-design.com\/en\/the-tailor-made-table\/","title":{"rendered":"The tailor made table"},"content":{"rendered":"<h1>The tailor made table<\/h1>\n<h2>A custom-made massage table designed to meet your specific needs and preferences.<\/h2>\n<h2>The tailor made <br \/>table<\/h2>\n<p>\t\t\t<a href=\"#me_joindre\"><br \/>\n\t\t\t<svg xmlns=\"http:\/\/www.w3.org\/2000\/svg\" width=\"14\" height=\"16\" viewBox=\"0 0 14 16\" fill=\"none\"><path d=\"M7 0C7.55228 0 8 0.447715 8 1V12.5858L12.2929 8.29289C12.6834 7.90237 13.3166 7.90237 13.7071 8.29289C14.0976 8.68342 14.0976 9.31658 13.7071 9.70711L7.70711 15.7071C7.31658 16.0976 6.68342 16.0976 6.29289 15.7071L0.292893 9.70711C-0.0976311 9.31658 -0.0976311 8.68342 0.292893 8.29289C0.683417 7.90237 1.31658 7.90237 1.70711 8.29289L6 12.5858V1C6 0.447715 6.44772 0 7 0Z\" fill=\"#D6B083\"><\/path><\/svg>\t\t\t<\/a><\/p>\n<h3>Detail your needs<\/h3>\n<h3>What they think about us<\/h3>\n<style>.elementor-1837 .elementor-element.elementor-element-1de795b:not(.elementor-motion-effects-element-type-background), .elementor-1837 .elementor-element.elementor-element-1de795b > .elementor-motion-effects-container > .elementor-motion-effects-layer{background-color:var( --e-global-color-fe9ee08 );}.elementor-1837 .elementor-element.elementor-element-1de795b{transition:background 0.3s, border 0.3s, border-radius 0.3s, box-shadow 0.3s;}.elementor-1837 .elementor-element.elementor-element-1de795b > .elementor-background-overlay{transition:background 0.3s, border-radius 0.3s, opacity 0.3s;}.elementor-1837 .elementor-element.elementor-element-8d4bf28 > .elementor-element-populated{padding:25px 25px 25px 25px;}.elementor-1837 .elementor-element.elementor-element-9d8effc .jet-listing-dynamic-image{justify-content:flex-start;}.elementor-1837 .elementor-element.elementor-element-9d8effc .jet-listing-dynamic-image a{width:100%;}.elementor-1837 .elementor-element.elementor-element-9d8effc .jet-listing-dynamic-image img{width:100%;}.elementor-1837 .elementor-element.elementor-element-8fabbb9 > .elementor-element-populated{margin:5px 0px 0px 20px;--e-column-margin-right:0px;--e-column-margin-left:20px;}.elementor-1837 .elementor-element.elementor-element-ce60a05 .jet-listing-dynamic-field__content{font-size:24px;font-weight:700;text-align:left;}.elementor-1837 .elementor-element.elementor-element-ce60a05 .jet-listing-dynamic-field .jet-listing-dynamic-field__inline-wrap{width:auto;}.elementor-1837 .elementor-element.elementor-element-ce60a05 .jet-listing-dynamic-field .jet-listing-dynamic-field__content{width:auto;}.elementor-1837 .elementor-element.elementor-element-ce60a05 .jet-listing-dynamic-field{justify-content:flex-start;}.elementor-1837 .elementor-element.elementor-element-89b89cf .jet-listing-dynamic-field__content{color:#898989;font-size:16px;font-weight:500;text-align:left;}.elementor-1837 .elementor-element.elementor-element-89b89cf .jet-listing-dynamic-field .jet-listing-dynamic-field__inline-wrap{width:auto;}.elementor-1837 .elementor-element.elementor-element-89b89cf .jet-listing-dynamic-field .jet-listing-dynamic-field__content{width:auto;}.elementor-1837 .elementor-element.elementor-element-89b89cf .jet-listing-dynamic-field{justify-content:flex-start;}.elementor-1837 .elementor-element.elementor-element-89b89cf > .elementor-widget-container{margin:-21px 0px 0px 0px;}.elementor-1837 .elementor-element.elementor-element-3201f45 .jet-listing-dynamic-field__content{color:#2A251F;font-size:20px;font-weight:600;text-align:left;}.elementor-1837 .elementor-element.elementor-element-3201f45 .jet-listing-dynamic-field .jet-listing-dynamic-field__inline-wrap{width:auto;}.elementor-1837 .elementor-element.elementor-element-3201f45 .jet-listing-dynamic-field .jet-listing-dynamic-field__content{width:auto;}.elementor-1837 .elementor-element.elementor-element-3201f45 .jet-listing-dynamic-field{justify-content:flex-start;}.elementor-1837 .elementor-element.elementor-element-3201f45 > .elementor-widget-container{margin:-13px 0px 0px 0px;}.elementor-1837 .elementor-element.elementor-element-e005aae .jet-listing-dynamic-field__content{color:#2A251F;font-size:16px;line-height:24px;text-align:left;}.elementor-1837 .elementor-element.elementor-element-e005aae .jet-listing-dynamic-field .jet-listing-dynamic-field__inline-wrap{width:auto;}.elementor-1837 .elementor-element.elementor-element-e005aae .jet-listing-dynamic-field .jet-listing-dynamic-field__content{width:auto;}.elementor-1837 .elementor-element.elementor-element-e005aae .jet-listing-dynamic-field{justify-content:flex-start;}.elementor-1837 .elementor-element.elementor-element-e005aae > .elementor-widget-container{margin:20px 0px 0px 0px;}@media(max-width:767px){.elementor-1837 .elementor-element.elementor-element-66c36f6{width:40%;}.elementor-1837 .elementor-element.elementor-element-8fabbb9{width:60%;}.elementor-1837 .elementor-element.elementor-element-ce60a05 .jet-listing-dynamic-field__content{font-size:18px;}.elementor-1837 .elementor-element.elementor-element-89b89cf .jet-listing-dynamic-field__content{font-size:14px;}.elementor-1837 .elementor-element.elementor-element-3201f45 .jet-listing-dynamic-field__content{font-size:16px;}.elementor-1837 .elementor-element.elementor-element-e005aae .jet-listing-dynamic-field__content{font-size:14px;}}@media(min-width:768px){.elementor-1837 .elementor-element.elementor-element-66c36f6{width:19.821%;}.elementor-1837 .elementor-element.elementor-element-8fabbb9{width:80.179%;}}<\/style>\n<section data-id=\"1de795b\" data-element_type=\"section\" data-settings=\"{&quot;jet_parallax_layout_list&quot;:[],&quot;background_background&quot;:&quot;classic&quot;}\">\n<section data-id=\"ff61fa3\" data-element_type=\"section\" data-settings=\"{&quot;jet_parallax_layout_list&quot;:[]}\">\n\t\t\t<img fetchpriority=\"high\" width=\"400\" height=\"400\" src=\"https:\/\/dias-design.com\/wp-content\/uploads\/2022\/10\/DIAS-DESIGN-HOME-CLIENT-1.jpeg\" alt=\"dias-design-home-client-1\" decoding=\"async\" srcset=\"https:\/\/dias-design.com\/wp-content\/uploads\/2022\/10\/DIAS-DESIGN-HOME-CLIENT-1.jpeg 400w, https:\/\/dias-design.com\/wp-content\/uploads\/2022\/10\/DIAS-DESIGN-HOME-CLIENT-1-300x300.jpeg 300w, https:\/\/dias-design.com\/wp-content\/uploads\/2022\/10\/DIAS-DESIGN-HOME-CLIENT-1-100x100.jpeg 100w, https:\/\/dias-design.com\/wp-content\/uploads\/2022\/10\/DIAS-DESIGN-HOME-CLIENT-1-150x150.jpeg 150w\" sizes=\"(max-width: 400px) 100vw, 400px\" loading=\"eager\" \/><br \/>\n\t\t\tMarjorie Frigant<br \/>\n\t\t\tDirectrice de SPA<br \/>\n\t\t\tAux petits soins, Hy\u00e8res<br \/>\n\t\t<\/section>\n<p>\t\t\tJ&#8217;ai r\u00e9cemment fais l&#8217;acquisition d&#8217;<strong>une magnifique table de massage<\/strong> en bois \u00e9lectrique. Elle est vraiment <strong>\u00e0 la hauteur de mes esp\u00e9rances<\/strong>. On remarque vraiment le travail et la qualit\u00e9 du bois. <strong>Merci beaucoup !<\/strong><br \/>\n\t\t<\/section>\n<style>.elementor-1837 .elementor-element.elementor-element-1de795b:not(.elementor-motion-effects-element-type-background), .elementor-1837 .elementor-element.elementor-element-1de795b > .elementor-motion-effects-container > .elementor-motion-effects-layer{background-color:var( --e-global-color-fe9ee08 );}.elementor-1837 .elementor-element.elementor-element-1de795b{transition:background 0.3s, border 0.3s, border-radius 0.3s, box-shadow 0.3s;}.elementor-1837 .elementor-element.elementor-element-1de795b > .elementor-background-overlay{transition:background 0.3s, border-radius 0.3s, opacity 0.3s;}.elementor-1837 .elementor-element.elementor-element-8d4bf28 > .elementor-element-populated{padding:25px 25px 25px 25px;}.elementor-1837 .elementor-element.elementor-element-9d8effc .jet-listing-dynamic-image{justify-content:flex-start;}.elementor-1837 .elementor-element.elementor-element-9d8effc .jet-listing-dynamic-image a{width:100%;}.elementor-1837 .elementor-element.elementor-element-9d8effc .jet-listing-dynamic-image img{width:100%;}.elementor-1837 .elementor-element.elementor-element-8fabbb9 > .elementor-element-populated{margin:5px 0px 0px 20px;--e-column-margin-right:0px;--e-column-margin-left:20px;}.elementor-1837 .elementor-element.elementor-element-ce60a05 .jet-listing-dynamic-field__content{font-size:24px;font-weight:700;text-align:left;}.elementor-1837 .elementor-element.elementor-element-ce60a05 .jet-listing-dynamic-field .jet-listing-dynamic-field__inline-wrap{width:auto;}.elementor-1837 .elementor-element.elementor-element-ce60a05 .jet-listing-dynamic-field .jet-listing-dynamic-field__content{width:auto;}.elementor-1837 .elementor-element.elementor-element-ce60a05 .jet-listing-dynamic-field{justify-content:flex-start;}.elementor-1837 .elementor-element.elementor-element-89b89cf .jet-listing-dynamic-field__content{color:#898989;font-size:16px;font-weight:500;text-align:left;}.elementor-1837 .elementor-element.elementor-element-89b89cf .jet-listing-dynamic-field .jet-listing-dynamic-field__inline-wrap{width:auto;}.elementor-1837 .elementor-element.elementor-element-89b89cf .jet-listing-dynamic-field .jet-listing-dynamic-field__content{width:auto;}.elementor-1837 .elementor-element.elementor-element-89b89cf .jet-listing-dynamic-field{justify-content:flex-start;}.elementor-1837 .elementor-element.elementor-element-89b89cf > .elementor-widget-container{margin:-21px 0px 0px 0px;}.elementor-1837 .elementor-element.elementor-element-3201f45 .jet-listing-dynamic-field__content{color:#2A251F;font-size:20px;font-weight:600;text-align:left;}.elementor-1837 .elementor-element.elementor-element-3201f45 .jet-listing-dynamic-field .jet-listing-dynamic-field__inline-wrap{width:auto;}.elementor-1837 .elementor-element.elementor-element-3201f45 .jet-listing-dynamic-field .jet-listing-dynamic-field__content{width:auto;}.elementor-1837 .elementor-element.elementor-element-3201f45 .jet-listing-dynamic-field{justify-content:flex-start;}.elementor-1837 .elementor-element.elementor-element-3201f45 > .elementor-widget-container{margin:-13px 0px 0px 0px;}.elementor-1837 .elementor-element.elementor-element-e005aae .jet-listing-dynamic-field__content{color:#2A251F;font-size:16px;line-height:24px;text-align:left;}.elementor-1837 .elementor-element.elementor-element-e005aae .jet-listing-dynamic-field .jet-listing-dynamic-field__inline-wrap{width:auto;}.elementor-1837 .elementor-element.elementor-element-e005aae .jet-listing-dynamic-field .jet-listing-dynamic-field__content{width:auto;}.elementor-1837 .elementor-element.elementor-element-e005aae .jet-listing-dynamic-field{justify-content:flex-start;}.elementor-1837 .elementor-element.elementor-element-e005aae > .elementor-widget-container{margin:20px 0px 0px 0px;}@media(max-width:767px){.elementor-1837 .elementor-element.elementor-element-66c36f6{width:40%;}.elementor-1837 .elementor-element.elementor-element-8fabbb9{width:60%;}.elementor-1837 .elementor-element.elementor-element-ce60a05 .jet-listing-dynamic-field__content{font-size:18px;}.elementor-1837 .elementor-element.elementor-element-89b89cf .jet-listing-dynamic-field__content{font-size:14px;}.elementor-1837 .elementor-element.elementor-element-3201f45 .jet-listing-dynamic-field__content{font-size:16px;}.elementor-1837 .elementor-element.elementor-element-e005aae .jet-listing-dynamic-field__content{font-size:14px;}}@media(min-width:768px){.elementor-1837 .elementor-element.elementor-element-66c36f6{width:19.821%;}.elementor-1837 .elementor-element.elementor-element-8fabbb9{width:80.179%;}}<\/style>\n<section data-id=\"1de795b\" data-element_type=\"section\" data-settings=\"{&quot;jet_parallax_layout_list&quot;:[],&quot;background_background&quot;:&quot;classic&quot;}\">\n<section data-id=\"ff61fa3\" data-element_type=\"section\" data-settings=\"{&quot;jet_parallax_layout_list&quot;:[]}\">\n\t\t\t<img width=\"400\" height=\"400\" src=\"https:\/\/dias-design.com\/wp-content\/uploads\/2022\/10\/DIAS-DESIGN-HOME-CLIENT-2.jpeg\" alt=\"dias-design-home-client-2\" decoding=\"async\" srcset=\"https:\/\/dias-design.com\/wp-content\/uploads\/2022\/10\/DIAS-DESIGN-HOME-CLIENT-2.jpeg 400w, https:\/\/dias-design.com\/wp-content\/uploads\/2022\/10\/DIAS-DESIGN-HOME-CLIENT-2-300x300.jpeg 300w, https:\/\/dias-design.com\/wp-content\/uploads\/2022\/10\/DIAS-DESIGN-HOME-CLIENT-2-100x100.jpeg 100w, https:\/\/dias-design.com\/wp-content\/uploads\/2022\/10\/DIAS-DESIGN-HOME-CLIENT-2-150x150.jpeg 150w\" sizes=\"(max-width: 400px) 100vw, 400px\" loading=\"eager\" \/><br \/>\n\t\t\tIsabelle Kaufmann<br \/>\n\t\t\tChirurgien p\u00e9diatrique<br \/>\n\t\t\tCHRU, Strasbourg<br \/>\n\t\t<\/section>\n<p>\t\t\tUn contact <strong>accueillant, convivial et chaleureux<\/strong>, une disponibilit\u00e9, une \u00e9coute, une r\u00e9activit\u00e9, un service et <strong>des conseils<\/strong> qui corroborent \u00e0 l&#8217;empreinte de l&#8217;efficacit\u00e9 et du professionnalisme imparable. Le <strong>rapport qualit\u00e9\/prix<\/strong> et l&#8217;esth\u00e9tic conjugu\u00e9s, font \u00e9merger l&#8217;excellence des tables de massages. Une adresse que <strong>je recommande ind\u00e9niablement<\/strong>, laissez-vous surprendre.<br \/>\n\t\t<\/section>\n<p>\t\t\t<a href=\"https:\/\/dias-design.com\/en\/our-references\/\"><br \/>\n\t\t\t\t<svg xmlns=\"http:\/\/www.w3.org\/2000\/svg\" width=\"12\" height=\"12\" viewBox=\"0 0 12 12\" fill=\"none\"><path d=\"M1.46462 1.05408C1.46462 0.501799 1.91234 0.0540839 2.46462 0.0540835L10.9499 0.0540843C11.2151 0.0540843 11.4695 0.159441 11.657 0.346977C11.8445 0.534514 11.9499 0.788868 11.9499 1.05408L11.9499 9.53936C11.9499 10.0916 11.5022 10.5394 10.9499 10.5394C10.3976 10.5394 9.9499 10.0916 9.9499 9.53936V3.4683L1.75752 11.6607C1.36699 12.0512 0.733827 12.0512 0.343303 11.6607C-0.0472212 11.2702 -0.0472212 10.637 0.343303 10.2465L8.53569 2.05408L2.46462 2.05408C1.91234 2.05408 1.46462 1.60637 1.46462 1.05408Z\" fill=\"#0D0D0D\"><\/path><\/svg><br \/>\n\t\t\t\t\t\tOur references<br \/>\n\t\t\t\t\t<\/a><\/p>\n","protected":false},"excerpt":{"rendered":"<p>The tailor made table A custom-made massage table designed to meet your specific needs and preferences. The tailor made table Detail your needs What they think about us Marjorie Frigant Directrice de SPA Aux petits soins, Hy\u00e8res J&#8217;ai r\u00e9cemment fais l&#8217;acquisition d&#8217;une magnifique table de massage en bois \u00e9lectrique. Elle est vraiment \u00e0 la hauteur [&hellip;]<\/p>\n","protected":false},"author":2,"featured_media":0,"parent":0,"menu_order":0,"comment_status":"closed","ping_status":"closed","template":"","meta":{"_acf_changed":false,"footnotes":""},"class_list":["post-7278","page","type-page","status-publish","hentry"],"acf":[],"_links":{"self":[{"href":"https:\/\/dias-design.com\/en\/wp-json\/wp\/v2\/pages\/7278","targetHints":{"allow":["GET"]}}],"collection":[{"href":"https:\/\/dias-design.com\/en\/wp-json\/wp\/v2\/pages"}],"about":[{"href":"https:\/\/dias-design.com\/en\/wp-json\/wp\/v2\/types\/page"}],"author":[{"embeddable":true,"href":"https:\/\/dias-design.com\/en\/wp-json\/wp\/v2\/users\/2"}],"replies":[{"embeddable":true,"href":"https:\/\/dias-design.com\/en\/wp-json\/wp\/v2\/comments?post=7278"}],"version-history":[{"count":30,"href":"https:\/\/dias-design.com\/en\/wp-json\/wp\/v2\/pages\/7278\/revisions"}],"predecessor-version":[{"id":9771,"href":"https:\/\/dias-design.com\/en\/wp-json\/wp\/v2\/pages\/7278\/revisions\/9771"}],"wp:attachment":[{"href":"https:\/\/dias-design.com\/en\/wp-json\/wp\/v2\/media?parent=7278"}],"curies":[{"name":"wp","href":"https:\/\/api.w.org\/{rel}","templated":true}]}}